{"id":825,"date":"2025-01-06T00:20:18","date_gmt":"2025-01-06T00:20:18","guid":{"rendered":"https:\/\/jleonacosta.pt\/?page_id=825"},"modified":"2025-01-09T11:36:03","modified_gmt":"2025-01-09T11:36:03","slug":"traducao-turistica","status":"publish","type":"page","link":"https:\/\/jleonacosta.pt\/es\/traducao-turistica","title":{"rendered":"Traducci\u00f3n tur\u00edstica"},"content":{"rendered":"<hr class=\"wp-block-separator has-text-color has-luminous-vivid-amber-color has-alpha-channel-opacity has-luminous-vivid-amber-background-color has-background\"\/>\n\n\n\n<div class=\"wp-block-media-text is-stacked-on-mobile is-vertically-aligned-top\"><figure class=\"wp-block-media-text__media\"><img fetchpriority=\"high\" decoding=\"async\" width=\"1024\" height=\"683\" src=\"https:\/\/jleonacosta.pt\/wp-content\/uploads\/2024\/12\/blog-ola-1024x683.jpg\" alt=\"\" class=\"wp-image-72 size-full\" srcset=\"https:\/\/jleonacosta.pt\/wp-content\/uploads\/2024\/12\/blog-ola-1024x683.jpg 1024w, https:\/\/jleonacosta.pt\/wp-content\/uploads\/2024\/12\/blog-ola-300x200.jpg 300w, https:\/\/jleonacosta.pt\/wp-content\/uploads\/2024\/12\/blog-ola-768x512.jpg 768w, https:\/\/jleonacosta.pt\/wp-content\/uploads\/2024\/12\/blog-ola-1000x667.jpg 1000w, https:\/\/jleonacosta.pt\/wp-content\/uploads\/2024\/12\/blog-ola-230x153.jpg 230w, https:\/\/jleonacosta.pt\/wp-content\/uploads\/2024\/12\/blog-ola-350x234.jpg 350w, https:\/\/jleonacosta.pt\/wp-content\/uploads\/2024\/12\/blog-ola-480x320.jpg 480w, https:\/\/jleonacosta.pt\/wp-content\/uploads\/2024\/12\/blog-ola.jpg 1280w\" sizes=\"(max-width: 1024px) 100vw, 1024px\" \/><\/figure><div class=\"wp-block-media-text__content\">\n<p>A tradu\u00e7\u00e3o tur\u00edstica pode ser inclu\u00edda tamb\u00e9m dentro da <a href=\"https:\/\/jleonacosta.pt\/es\/traducao-comercial\/\" data-type=\"page\" data-id=\"818\">tradu\u00e7\u00e3o comercial<\/a>, mas as suas particularidades fazem com que tenha carater\u00edsticas pr\u00f3prias suficientes para se constituir como especialidade independente. Entre os textos mais frequentemente traduzidos, estariam inclu\u00eddos guias de viagem, mapas, aplicativos, audioguias ou folhetos, assim como informa\u00e7\u00f5es relacionadas com gastronomia, enoturismo ou hotelaria.<\/p>\n<\/div><\/div>\n\n\n\n<hr class=\"wp-block-separator has-text-color has-luminous-vivid-amber-color has-alpha-channel-opacity has-luminous-vivid-amber-background-color has-background\"\/>\n\n\n\n<div style=\"height:20px\" aria-hidden=\"true\" class=\"wp-block-spacer\"><\/div>\n\n\n\n<h4 class=\"wp-block-heading has-luminous-vivid-amber-background-color has-background has-small-font-size\" style=\"border-style:none;border-width:0px;letter-spacing:2px\"><strong>POSTS RELACIONADOS<\/strong><\/h4>\n\n\n\n<div style=\"height:20px\" aria-hidden=\"true\" class=\"wp-block-spacer\"><\/div>","protected":false},"excerpt":{"rendered":"<p>A tradu\u00e7\u00e3o tur\u00edstica pode ser inclu\u00edda tamb\u00e9m dentro da tradu\u00e7\u00e3o comercial, mas as suas particularidades fazem com que tenha carater\u00edsticas pr\u00f3prias suficientes [&hellip;]<\/p>\n","protected":false},"author":2,"featured_media":0,"parent":0,"menu_order":0,"comment_status":"closed","ping_status":"closed","template":"","meta":{"footnotes":""},"class_list":["post-825","page","type-page","status-publish","hentry"],"_links":{"self":[{"href":"https:\/\/jleonacosta.pt\/es\/wp-json\/wp\/v2\/pages\/825","targetHints":{"allow":["GET"]}}],"collection":[{"href":"https:\/\/jleonacosta.pt\/es\/wp-json\/wp\/v2\/pages"}],"about":[{"href":"https:\/\/jleonacosta.pt\/es\/wp-json\/wp\/v2\/types\/page"}],"author":[{"embeddable":true,"href":"https:\/\/jleonacosta.pt\/es\/wp-json\/wp\/v2\/users\/2"}],"replies":[{"embeddable":true,"href":"https:\/\/jleonacosta.pt\/es\/wp-json\/wp\/v2\/comments?post=825"}],"version-history":[{"count":7,"href":"https:\/\/jleonacosta.pt\/es\/wp-json\/wp\/v2\/pages\/825\/revisions"}],"predecessor-version":[{"id":933,"href":"https:\/\/jleonacosta.pt\/es\/wp-json\/wp\/v2\/pages\/825\/revisions\/933"}],"wp:attachment":[{"href":"https:\/\/jleonacosta.pt\/es\/wp-json\/wp\/v2\/media?parent=825"}],"curies":[{"name":"wp","href":"https:\/\/api.w.org\/{rel}","templated":true}]}}