{"id":822,"date":"2025-01-06T00:13:24","date_gmt":"2025-01-06T00:13:24","guid":{"rendered":"https:\/\/jleonacosta.pt\/?page_id=822"},"modified":"2025-01-09T00:09:58","modified_gmt":"2025-01-09T00:09:58","slug":"traducao-institucional","status":"publish","type":"page","link":"https:\/\/jleonacosta.pt\/es\/traducao-institucional","title":{"rendered":"Tradu\u00e7\u00e3o institucional"},"content":{"rendered":"<hr class=\"wp-block-separator has-text-color has-luminous-vivid-amber-color has-alpha-channel-opacity has-luminous-vivid-amber-background-color has-background\"\/>\n\n\n\n<div class=\"wp-block-media-text is-stacked-on-mobile is-vertically-aligned-top\"><figure class=\"wp-block-media-text__media\"><img fetchpriority=\"high\" decoding=\"async\" width=\"1024\" height=\"576\" src=\"https:\/\/jleonacosta.pt\/wp-content\/uploads\/2025\/01\/vaccination-certificate-6790266_1280-1024x576.jpg\" alt=\"\" class=\"wp-image-484 size-full\" srcset=\"https:\/\/jleonacosta.pt\/wp-content\/uploads\/2025\/01\/vaccination-certificate-6790266_1280-1024x576.jpg 1024w, https:\/\/jleonacosta.pt\/wp-content\/uploads\/2025\/01\/vaccination-certificate-6790266_1280-300x169.jpg 300w, https:\/\/jleonacosta.pt\/wp-content\/uploads\/2025\/01\/vaccination-certificate-6790266_1280-768x432.jpg 768w, https:\/\/jleonacosta.pt\/wp-content\/uploads\/2025\/01\/vaccination-certificate-6790266_1280-18x10.jpg 18w, https:\/\/jleonacosta.pt\/wp-content\/uploads\/2025\/01\/vaccination-certificate-6790266_1280-1000x563.jpg 1000w, https:\/\/jleonacosta.pt\/wp-content\/uploads\/2025\/01\/vaccination-certificate-6790266_1280-230x129.jpg 230w, https:\/\/jleonacosta.pt\/wp-content\/uploads\/2025\/01\/vaccination-certificate-6790266_1280-350x197.jpg 350w, https:\/\/jleonacosta.pt\/wp-content\/uploads\/2025\/01\/vaccination-certificate-6790266_1280-480x270.jpg 480w, https:\/\/jleonacosta.pt\/wp-content\/uploads\/2025\/01\/vaccination-certificate-6790266_1280.jpg 1280w\" sizes=\"(max-width: 1024px) 100vw, 1024px\" \/><\/figure><div class=\"wp-block-media-text__content\">\n<p>A tradu\u00e7\u00e3o institucional \u00e9 fundamental para facilitar a comunica\u00e7\u00e3o entre as organiza\u00e7\u00f5es e os seus p\u00fablicos, tanto internos como externos. Essa comunica\u00e7\u00e3o inclui documentos oficiais, como relat\u00f3rios, pesquisas, estudos e notas de imprensa, provenientes de organismos p\u00fablicos e privados.<\/p>\n<\/div><\/div>\n\n\n\n<hr class=\"wp-block-separator has-text-color has-luminous-vivid-amber-color has-alpha-channel-opacity has-luminous-vivid-amber-background-color has-background\"\/>\n\n\n\n<div style=\"height:20px\" aria-hidden=\"true\" class=\"wp-block-spacer\"><\/div>\n\n\n\n<h4 class=\"wp-block-heading has-luminous-vivid-amber-background-color has-background has-small-font-size\" style=\"border-style:none;border-width:0px;letter-spacing:2px\"><strong>POSTS RELACIONADOS<\/strong><\/h4>\n\n\n\n<div style=\"height:20px\" aria-hidden=\"true\" class=\"wp-block-spacer\"><\/div>","protected":false},"excerpt":{"rendered":"<p>A tradu\u00e7\u00e3o institucional \u00e9 fundamental para facilitar a comunica\u00e7\u00e3o entre as organiza\u00e7\u00f5es e os seus p\u00fablicos, tanto internos como externos. Essa comunica\u00e7\u00e3o [&hellip;]<\/p>\n","protected":false},"author":2,"featured_media":0,"parent":0,"menu_order":0,"comment_status":"closed","ping_status":"closed","template":"","meta":{"footnotes":""},"class_list":["post-822","page","type-page","status-publish","hentry"],"_links":{"self":[{"href":"https:\/\/jleonacosta.pt\/es\/wp-json\/wp\/v2\/pages\/822","targetHints":{"allow":["GET"]}}],"collection":[{"href":"https:\/\/jleonacosta.pt\/es\/wp-json\/wp\/v2\/pages"}],"about":[{"href":"https:\/\/jleonacosta.pt\/es\/wp-json\/wp\/v2\/types\/page"}],"author":[{"embeddable":true,"href":"https:\/\/jleonacosta.pt\/es\/wp-json\/wp\/v2\/users\/2"}],"replies":[{"embeddable":true,"href":"https:\/\/jleonacosta.pt\/es\/wp-json\/wp\/v2\/comments?post=822"}],"version-history":[{"count":3,"href":"https:\/\/jleonacosta.pt\/es\/wp-json\/wp\/v2\/pages\/822\/revisions"}],"predecessor-version":[{"id":927,"href":"https:\/\/jleonacosta.pt\/es\/wp-json\/wp\/v2\/pages\/822\/revisions\/927"}],"wp:attachment":[{"href":"https:\/\/jleonacosta.pt\/es\/wp-json\/wp\/v2\/media?parent=822"}],"curies":[{"name":"wp","href":"https:\/\/api.w.org\/{rel}","templated":true}]}}