{"id":815,"date":"2025-01-05T23:51:21","date_gmt":"2025-01-05T23:51:21","guid":{"rendered":"https:\/\/jleonacosta.pt\/?page_id=815"},"modified":"2025-01-09T00:10:43","modified_gmt":"2025-01-09T00:10:43","slug":"traducao-e-manutencao-de-websites","status":"publish","type":"page","link":"https:\/\/jleonacosta.pt\/es\/traducao-e-manutencao-de-websites","title":{"rendered":"Traducci\u00f3n y actualizaci\u00f3n de websites"},"content":{"rendered":"<hr class=\"wp-block-separator has-text-color has-luminous-vivid-amber-color has-alpha-channel-opacity has-luminous-vivid-amber-background-color has-background\"\/>\n\n\n\n<div class=\"wp-block-media-text is-stacked-on-mobile is-vertically-aligned-top\"><figure class=\"wp-block-media-text__media\"><img fetchpriority=\"high\" decoding=\"async\" width=\"1024\" height=\"682\" src=\"https:\/\/jleonacosta.pt\/wp-content\/uploads\/2025\/01\/programming-1009134_1280-1024x682.jpg\" alt=\"\" class=\"wp-image-502 size-full\" srcset=\"https:\/\/jleonacosta.pt\/wp-content\/uploads\/2025\/01\/programming-1009134_1280-1024x682.jpg 1024w, https:\/\/jleonacosta.pt\/wp-content\/uploads\/2025\/01\/programming-1009134_1280-300x200.jpg 300w, https:\/\/jleonacosta.pt\/wp-content\/uploads\/2025\/01\/programming-1009134_1280-768x512.jpg 768w, https:\/\/jleonacosta.pt\/wp-content\/uploads\/2025\/01\/programming-1009134_1280-18x12.jpg 18w, https:\/\/jleonacosta.pt\/wp-content\/uploads\/2025\/01\/programming-1009134_1280-1000x666.jpg 1000w, https:\/\/jleonacosta.pt\/wp-content\/uploads\/2025\/01\/programming-1009134_1280-230x153.jpg 230w, https:\/\/jleonacosta.pt\/wp-content\/uploads\/2025\/01\/programming-1009134_1280-350x233.jpg 350w, https:\/\/jleonacosta.pt\/wp-content\/uploads\/2025\/01\/programming-1009134_1280-480x320.jpg 480w, https:\/\/jleonacosta.pt\/wp-content\/uploads\/2025\/01\/programming-1009134_1280.jpg 1280w\" sizes=\"(max-width: 1024px) 100vw, 1024px\" \/><\/figure><div class=\"wp-block-media-text__content\">\n<p>A tradu\u00e7\u00e3o de websites \u00e9 uma excelente oportunidade de multiplicar a difus\u00e3o das empresas que desejam expandir-se internacionalmente. Este servi\u00e7o n\u00e3o se limita \u00e0 tradu\u00e7\u00e3o do texto, mas tamb\u00e9m envolve, quando necess\u00e1rio, a adapta\u00e7\u00e3o cultural &#8212; a localiza\u00e7\u00e3o &#8212; do conte\u00fado para os diferentes p\u00fablicos. \u00c9 importante considerar a SEO (otimiza\u00e7\u00e3o para motores de busca) na tradu\u00e7\u00e3o e assegurar que o site mantenha a sua visibilidade online em diferentes l\u00ednguas.<\/p>\n<\/div><\/div>\n\n\n\n<p>Al\u00e9m da&nbsp;<a href=\"https:\/\/jleonacosta.pt\/es\/traducao-e-atualizacao-de-websites\/\">traducci\u00f3n completa de&nbsp;<em>sitios web<\/em><\/a>, estamos abertos a parcerias para a atualiza\u00e7\u00e3o peri\u00f3dica de websites com vers\u00f5es em espanhol ou portugu\u00eas.<\/p>\n\n\n\n<hr class=\"wp-block-separator has-text-color has-luminous-vivid-amber-color has-alpha-channel-opacity has-luminous-vivid-amber-background-color has-background\"\/>\n\n\n\n<div style=\"height:20px\" aria-hidden=\"true\" class=\"wp-block-spacer\"><\/div>\n\n\n\n<h4 class=\"wp-block-heading has-luminous-vivid-amber-background-color has-background has-small-font-size\" style=\"border-style:none;border-width:0px;letter-spacing:2px\"><strong>POSTS RELACIONADOS<\/strong><\/h4>\n\n\n\n<div style=\"height:20px\" aria-hidden=\"true\" class=\"wp-block-spacer\"><\/div>","protected":false},"excerpt":{"rendered":"<p>A tradu\u00e7\u00e3o de websites \u00e9 uma excelente oportunidade de multiplicar a difus\u00e3o das empresas que desejam expandir-se internacionalmente. Este servi\u00e7o n\u00e3o se [&hellip;]<\/p>\n","protected":false},"author":2,"featured_media":0,"parent":0,"menu_order":0,"comment_status":"closed","ping_status":"closed","template":"","meta":{"footnotes":""},"class_list":["post-815","page","type-page","status-publish","hentry"],"_links":{"self":[{"href":"https:\/\/jleonacosta.pt\/es\/wp-json\/wp\/v2\/pages\/815","targetHints":{"allow":["GET"]}}],"collection":[{"href":"https:\/\/jleonacosta.pt\/es\/wp-json\/wp\/v2\/pages"}],"about":[{"href":"https:\/\/jleonacosta.pt\/es\/wp-json\/wp\/v2\/types\/page"}],"author":[{"embeddable":true,"href":"https:\/\/jleonacosta.pt\/es\/wp-json\/wp\/v2\/users\/2"}],"replies":[{"embeddable":true,"href":"https:\/\/jleonacosta.pt\/es\/wp-json\/wp\/v2\/comments?post=815"}],"version-history":[{"count":3,"href":"https:\/\/jleonacosta.pt\/es\/wp-json\/wp\/v2\/pages\/815\/revisions"}],"predecessor-version":[{"id":929,"href":"https:\/\/jleonacosta.pt\/es\/wp-json\/wp\/v2\/pages\/815\/revisions\/929"}],"wp:attachment":[{"href":"https:\/\/jleonacosta.pt\/es\/wp-json\/wp\/v2\/media?parent=815"}],"curies":[{"name":"wp","href":"https:\/\/api.w.org\/{rel}","templated":true}]}}