{"id":808,"date":"2025-01-05T23:42:58","date_gmt":"2025-01-05T23:42:58","guid":{"rendered":"https:\/\/jleonacosta.pt\/?page_id=808"},"modified":"2025-01-09T00:11:58","modified_gmt":"2025-01-09T00:11:58","slug":"traducao-literaria","status":"publish","type":"page","link":"https:\/\/jleonacosta.pt\/es\/traducao-literaria","title":{"rendered":"Traducci\u00f3n literaria"},"content":{"rendered":"<hr class=\"wp-block-separator has-text-color has-luminous-vivid-amber-color has-alpha-channel-opacity has-luminous-vivid-amber-background-color has-background\"\/>\n\n\n\n<div class=\"wp-block-media-text is-stacked-on-mobile\"><figure class=\"wp-block-media-text__media\"><img fetchpriority=\"high\" decoding=\"async\" width=\"1024\" height=\"678\" src=\"https:\/\/jleonacosta.pt\/wp-content\/uploads\/2025\/01\/library-4317851_1280-1024x678.jpg\" alt=\"\" class=\"wp-image-506 size-full\" srcset=\"https:\/\/jleonacosta.pt\/wp-content\/uploads\/2025\/01\/library-4317851_1280-1024x678.jpg 1024w, https:\/\/jleonacosta.pt\/wp-content\/uploads\/2025\/01\/library-4317851_1280-300x199.jpg 300w, https:\/\/jleonacosta.pt\/wp-content\/uploads\/2025\/01\/library-4317851_1280-768x509.jpg 768w, https:\/\/jleonacosta.pt\/wp-content\/uploads\/2025\/01\/library-4317851_1280-18x12.jpg 18w, https:\/\/jleonacosta.pt\/wp-content\/uploads\/2025\/01\/library-4317851_1280-1000x663.jpg 1000w, https:\/\/jleonacosta.pt\/wp-content\/uploads\/2025\/01\/library-4317851_1280-230x152.jpg 230w, https:\/\/jleonacosta.pt\/wp-content\/uploads\/2025\/01\/library-4317851_1280-350x232.jpg 350w, https:\/\/jleonacosta.pt\/wp-content\/uploads\/2025\/01\/library-4317851_1280-480x318.jpg 480w, https:\/\/jleonacosta.pt\/wp-content\/uploads\/2025\/01\/library-4317851_1280.jpg 1280w\" sizes=\"(max-width: 1024px) 100vw, 1024px\" \/><\/figure><div class=\"wp-block-media-text__content\">\n<p>A tradu\u00e7\u00e3o liter\u00e1ria \u00e9 uma atividade criativa que requer, por parte do\/a tradutor\/a, al\u00e9m das compet\u00eancias lingu\u00edsticas e de media\u00e7\u00e3o \u00f3bvias, um conhecimento e uma sensibilidade cultural e art\u00edstica que lhe permitam reconhecer e preservar o estilo e a voz dos autores.<\/p>\n\n\n\n<p>Vea algunas de mis&nbsp;<a href=\"https:\/\/jleonacosta.pt\/es\/publicacoes\/\">publicaciones<\/a>.<\/p>\n<\/div><\/div>\n\n\n\n<hr class=\"wp-block-separator has-text-color has-luminous-vivid-amber-color has-alpha-channel-opacity has-luminous-vivid-amber-background-color has-background\"\/>\n\n\n\n<div style=\"height:20px\" aria-hidden=\"true\" class=\"wp-block-spacer\"><\/div>\n\n\n\n<h4 class=\"wp-block-heading has-luminous-vivid-amber-background-color has-background has-small-font-size\" style=\"border-style:none;border-width:0px;letter-spacing:2px\"><strong>POSTS RELACIONADOS<\/strong><\/h4>\n\n\n\n<div style=\"height:20px\" aria-hidden=\"true\" class=\"wp-block-spacer\"><\/div>","protected":false},"excerpt":{"rendered":"<p>A tradu\u00e7\u00e3o liter\u00e1ria \u00e9 uma atividade criativa que requer, por parte do\/a tradutor\/a, al\u00e9m das compet\u00eancias lingu\u00edsticas e de media\u00e7\u00e3o \u00f3bvias, um [&hellip;]<\/p>\n","protected":false},"author":2,"featured_media":0,"parent":0,"menu_order":0,"comment_status":"closed","ping_status":"closed","template":"","meta":{"footnotes":""},"class_list":["post-808","page","type-page","status-publish","hentry"],"_links":{"self":[{"href":"https:\/\/jleonacosta.pt\/es\/wp-json\/wp\/v2\/pages\/808","targetHints":{"allow":["GET"]}}],"collection":[{"href":"https:\/\/jleonacosta.pt\/es\/wp-json\/wp\/v2\/pages"}],"about":[{"href":"https:\/\/jleonacosta.pt\/es\/wp-json\/wp\/v2\/types\/page"}],"author":[{"embeddable":true,"href":"https:\/\/jleonacosta.pt\/es\/wp-json\/wp\/v2\/users\/2"}],"replies":[{"embeddable":true,"href":"https:\/\/jleonacosta.pt\/es\/wp-json\/wp\/v2\/comments?post=808"}],"version-history":[{"count":2,"href":"https:\/\/jleonacosta.pt\/es\/wp-json\/wp\/v2\/pages\/808\/revisions"}],"predecessor-version":[{"id":931,"href":"https:\/\/jleonacosta.pt\/es\/wp-json\/wp\/v2\/pages\/808\/revisions\/931"}],"wp:attachment":[{"href":"https:\/\/jleonacosta.pt\/es\/wp-json\/wp\/v2\/media?parent=808"}],"curies":[{"name":"wp","href":"https:\/\/api.w.org\/{rel}","templated":true}]}}