{"id":793,"date":"2025-01-05T23:16:35","date_gmt":"2025-01-05T23:16:35","guid":{"rendered":"https:\/\/jleonacosta.pt\/?page_id=793"},"modified":"2025-01-13T14:30:06","modified_gmt":"2025-01-13T14:30:06","slug":"transcricao-juridica","status":"publish","type":"page","link":"https:\/\/jleonacosta.pt\/es\/transcricao-juridica","title":{"rendered":"Transcripci\u00f3n jur\u00eddica"},"content":{"rendered":"<hr class=\"wp-block-separator has-text-color has-luminous-vivid-amber-color has-alpha-channel-opacity has-luminous-vivid-amber-background-color has-background\"\/>\n\n\n\n<div class=\"wp-block-media-text is-stacked-on-mobile\"><figure class=\"wp-block-media-text__media\"><img fetchpriority=\"high\" decoding=\"async\" width=\"1024\" height=\"682\" src=\"https:\/\/jleonacosta.pt\/wp-content\/uploads\/2025\/01\/podcast-2170045_1280-1024x682.jpg\" alt=\"\" class=\"wp-image-511 size-full\" srcset=\"https:\/\/jleonacosta.pt\/wp-content\/uploads\/2025\/01\/podcast-2170045_1280-1024x682.jpg 1024w, https:\/\/jleonacosta.pt\/wp-content\/uploads\/2025\/01\/podcast-2170045_1280-300x200.jpg 300w, https:\/\/jleonacosta.pt\/wp-content\/uploads\/2025\/01\/podcast-2170045_1280-768x512.jpg 768w, https:\/\/jleonacosta.pt\/wp-content\/uploads\/2025\/01\/podcast-2170045_1280-18x12.jpg 18w, https:\/\/jleonacosta.pt\/wp-content\/uploads\/2025\/01\/podcast-2170045_1280-1000x666.jpg 1000w, https:\/\/jleonacosta.pt\/wp-content\/uploads\/2025\/01\/podcast-2170045_1280-230x153.jpg 230w, https:\/\/jleonacosta.pt\/wp-content\/uploads\/2025\/01\/podcast-2170045_1280-350x233.jpg 350w, https:\/\/jleonacosta.pt\/wp-content\/uploads\/2025\/01\/podcast-2170045_1280-480x320.jpg 480w, https:\/\/jleonacosta.pt\/wp-content\/uploads\/2025\/01\/podcast-2170045_1280.jpg 1280w\" sizes=\"(max-width: 1024px) 100vw, 1024px\" \/><\/figure><div class=\"wp-block-media-text__content\">\n<p>Las transcripciones jur\u00eddicas son esenciales para abogados y profesionales del Derecho que necesitan registros precisos de audiencias, declaraciones o reuniones. Este servicio asegura que toda la informaci\u00f3n relevante sea documentada de forma clara y precisa. Al solicitar una <a href=\"https:\/\/jleonacosta.pt\/es\/transcricoes-audio\/\" data-type=\"page\" data-id=\"311\">transcripci\u00f3n<\/a>, es recomendable que el cliente defina cu\u00e1l es el formato deseado y el nivel de detalle necesario.<\/p>\n<\/div><\/div>\n\n\n\n<hr class=\"wp-block-separator has-text-color has-luminous-vivid-amber-color has-alpha-channel-opacity has-luminous-vivid-amber-background-color has-background\"\/>\n\n\n\n<div style=\"height:20px\" aria-hidden=\"true\" class=\"wp-block-spacer\"><\/div>\n\n\n\n<h4 class=\"wp-block-heading has-luminous-vivid-amber-background-color has-background has-small-font-size\" style=\"border-style:none;border-width:0px;letter-spacing:2px\"><strong>POSTS RELACIONADOS<\/strong><\/h4>\n\n\n\n<div style=\"height:20px\" aria-hidden=\"true\" class=\"wp-block-spacer\"><\/div>","protected":false},"excerpt":{"rendered":"<p>As transcri\u00e7\u00f5es jur\u00eddicas s\u00e3o essenciais para advogados e profissionais do Direito que necessitam de registos precisos de audi\u00eancias, depoimentos ou reuni\u00f5es. Este [&hellip;]<\/p>\n","protected":false},"author":2,"featured_media":0,"parent":0,"menu_order":0,"comment_status":"closed","ping_status":"closed","template":"","meta":{"footnotes":""},"class_list":["post-793","page","type-page","status-publish","hentry"],"_links":{"self":[{"href":"https:\/\/jleonacosta.pt\/es\/wp-json\/wp\/v2\/pages\/793","targetHints":{"allow":["GET"]}}],"collection":[{"href":"https:\/\/jleonacosta.pt\/es\/wp-json\/wp\/v2\/pages"}],"about":[{"href":"https:\/\/jleonacosta.pt\/es\/wp-json\/wp\/v2\/types\/page"}],"author":[{"embeddable":true,"href":"https:\/\/jleonacosta.pt\/es\/wp-json\/wp\/v2\/users\/2"}],"replies":[{"embeddable":true,"href":"https:\/\/jleonacosta.pt\/es\/wp-json\/wp\/v2\/comments?post=793"}],"version-history":[{"count":4,"href":"https:\/\/jleonacosta.pt\/es\/wp-json\/wp\/v2\/pages\/793\/revisions"}],"predecessor-version":[{"id":1004,"href":"https:\/\/jleonacosta.pt\/es\/wp-json\/wp\/v2\/pages\/793\/revisions\/1004"}],"wp:attachment":[{"href":"https:\/\/jleonacosta.pt\/es\/wp-json\/wp\/v2\/media?parent=793"}],"curies":[{"name":"wp","href":"https:\/\/api.w.org\/{rel}","templated":true}]}}