{"id":789,"date":"2025-01-05T23:08:59","date_gmt":"2025-01-05T23:08:59","guid":{"rendered":"https:\/\/jleonacosta.pt\/?page_id=789"},"modified":"2025-04-29T08:58:22","modified_gmt":"2025-04-29T08:58:22","slug":"traducao-juridica-2","status":"publish","type":"page","link":"https:\/\/jleonacosta.pt\/es\/traducao-juridica-2","title":{"rendered":"Traducci\u00f3n jur\u00eddica"},"content":{"rendered":"<hr class=\"wp-block-separator has-text-color has-luminous-vivid-amber-color has-alpha-channel-opacity has-luminous-vivid-amber-background-color has-background\"\/>\n\n\n\n<div class=\"wp-block-media-text is-stacked-on-mobile\"><figure class=\"wp-block-media-text__media\"><img fetchpriority=\"high\" decoding=\"async\" width=\"1024\" height=\"682\" src=\"https:\/\/jleonacosta.pt\/wp-content\/uploads\/2025\/01\/ai-generated-8751926_1280-1024x682.jpg\" alt=\"\" class=\"wp-image-479 size-full\" srcset=\"https:\/\/jleonacosta.pt\/wp-content\/uploads\/2025\/01\/ai-generated-8751926_1280-1024x682.jpg 1024w, https:\/\/jleonacosta.pt\/wp-content\/uploads\/2025\/01\/ai-generated-8751926_1280-300x200.jpg 300w, https:\/\/jleonacosta.pt\/wp-content\/uploads\/2025\/01\/ai-generated-8751926_1280-768x512.jpg 768w, https:\/\/jleonacosta.pt\/wp-content\/uploads\/2025\/01\/ai-generated-8751926_1280-18x12.jpg 18w, https:\/\/jleonacosta.pt\/wp-content\/uploads\/2025\/01\/ai-generated-8751926_1280-1000x666.jpg 1000w, https:\/\/jleonacosta.pt\/wp-content\/uploads\/2025\/01\/ai-generated-8751926_1280-230x153.jpg 230w, https:\/\/jleonacosta.pt\/wp-content\/uploads\/2025\/01\/ai-generated-8751926_1280-350x233.jpg 350w, https:\/\/jleonacosta.pt\/wp-content\/uploads\/2025\/01\/ai-generated-8751926_1280-480x320.jpg 480w, https:\/\/jleonacosta.pt\/wp-content\/uploads\/2025\/01\/ai-generated-8751926_1280.jpg 1280w\" sizes=\"(max-width: 1024px) 100vw, 1024px\" \/><\/figure><div class=\"wp-block-media-text__content\">\n<p>La traducci\u00f3n jur\u00eddica es una especializaci\u00f3n que requiere precisi\u00f3n y rigor. Este servicio es fundamental para la traducci\u00f3n de documentos legales, como contratos, poderes notariales o certificados, entre otros. Es importante que los traductores tengan formaci\u00f3n en el \u00e1mbito del Derecho, asegurando que las diferencias en los marcos legales, las caracter\u00edsticas textuales, la terminolog\u00eda y los conceptos sean correctamente interpretados y traducidos. La <a href=\"https:\/\/jleonacosta.pt\/es\/confidencialidade\/\" data-type=\"page\" data-id=\"194\">confidencialidad<\/a> es esencial en este tipo de trabajo, especialmente cuando se maneja informaci\u00f3n sensible.<\/p>\n<\/div><\/div>\n\n\n\n<hr class=\"wp-block-separator has-text-color has-luminous-vivid-amber-color has-alpha-channel-opacity has-luminous-vivid-amber-background-color has-background\"\/>\n\n\n\n<div style=\"height:20px\" aria-hidden=\"true\" class=\"wp-block-spacer\"><\/div>\n\n\n\n<p><\/p>\n\n\n\n<h4 class=\"wp-block-heading has-luminous-vivid-amber-background-color has-background has-small-font-size\" style=\"border-style:none;border-width:0px;letter-spacing:2px\"><strong>POSTS RELACIONADOS<\/strong><\/h4>\n\n\n\n<div style=\"height:20px\" aria-hidden=\"true\" class=\"wp-block-spacer\"><\/div>\n\n\n\n<p><\/p>","protected":false},"excerpt":{"rendered":"<p>A tradu\u00e7\u00e3o jur\u00eddica \u00e9 uma especializa\u00e7\u00e3o que exige precis\u00e3o e rigor. Este servi\u00e7o imp\u00f5e-se para a tradu\u00e7\u00e3o de documentos legais, como contratos, [&hellip;]<\/p>\n","protected":false},"author":2,"featured_media":0,"parent":0,"menu_order":0,"comment_status":"closed","ping_status":"closed","template":"","meta":{"footnotes":""},"class_list":["post-789","page","type-page","status-publish","hentry"],"_links":{"self":[{"href":"https:\/\/jleonacosta.pt\/es\/wp-json\/wp\/v2\/pages\/789","targetHints":{"allow":["GET"]}}],"collection":[{"href":"https:\/\/jleonacosta.pt\/es\/wp-json\/wp\/v2\/pages"}],"about":[{"href":"https:\/\/jleonacosta.pt\/es\/wp-json\/wp\/v2\/types\/page"}],"author":[{"embeddable":true,"href":"https:\/\/jleonacosta.pt\/es\/wp-json\/wp\/v2\/users\/2"}],"replies":[{"embeddable":true,"href":"https:\/\/jleonacosta.pt\/es\/wp-json\/wp\/v2\/comments?post=789"}],"version-history":[{"count":3,"href":"https:\/\/jleonacosta.pt\/es\/wp-json\/wp\/v2\/pages\/789\/revisions"}],"predecessor-version":[{"id":1836,"href":"https:\/\/jleonacosta.pt\/es\/wp-json\/wp\/v2\/pages\/789\/revisions\/1836"}],"wp:attachment":[{"href":"https:\/\/jleonacosta.pt\/es\/wp-json\/wp\/v2\/media?parent=789"}],"curies":[{"name":"wp","href":"https:\/\/api.w.org\/{rel}","templated":true}]}}