{"id":678,"date":"2025-01-04T11:58:00","date_gmt":"2025-01-04T11:58:00","guid":{"rendered":"https:\/\/jleonacosta.pt\/?page_id=678"},"modified":"2025-01-04T11:58:16","modified_gmt":"2025-01-04T11:58:16","slug":"traducoes-administrativas-e-economicas","status":"publish","type":"page","link":"https:\/\/jleonacosta.pt\/es\/traducoes-administrativas-e-economicas","title":{"rendered":"Tradu\u00e7\u00f5es administrativas e econ\u00f3micas"},"content":{"rendered":"<p class=\"has-text-align-center has-light-green-cyan-background-color has-background\"><strong>P\u00e1gina em constru\u00e7\u00e3o<\/strong><\/p>\n\n\n\n<h5 class=\"wp-block-heading has-text-align-center has-white-color has-text-color has-background has-link-color has-medium-font-size wp-elements-22fb4f31e01bd2d2b9ccae22a7258643\" style=\"border-style:none;border-width:0px;border-radius:98px;background-color:#080737;letter-spacing:5px;line-height:0\"><strong>RECURSOS<\/strong><\/h5>\n\n\n\n<hr class=\"wp-block-separator has-text-color has-luminous-vivid-amber-color has-alpha-channel-opacity has-luminous-vivid-amber-background-color has-background\"\/>\n\n\n\n<p><\/p>","protected":false},"excerpt":{"rendered":"<p>P\u00e1gina em constru\u00e7\u00e3o RECURSOS<\/p>","protected":false},"author":2,"featured_media":0,"parent":0,"menu_order":0,"comment_status":"closed","ping_status":"closed","template":"","meta":{"footnotes":""},"class_list":["post-678","page","type-page","status-publish","hentry"],"_links":{"self":[{"href":"https:\/\/jleonacosta.pt\/es\/wp-json\/wp\/v2\/pages\/678","targetHints":{"allow":["GET"]}}],"collection":[{"href":"https:\/\/jleonacosta.pt\/es\/wp-json\/wp\/v2\/pages"}],"about":[{"href":"https:\/\/jleonacosta.pt\/es\/wp-json\/wp\/v2\/types\/page"}],"author":[{"embeddable":true,"href":"https:\/\/jleonacosta.pt\/es\/wp-json\/wp\/v2\/users\/2"}],"replies":[{"embeddable":true,"href":"https:\/\/jleonacosta.pt\/es\/wp-json\/wp\/v2\/comments?post=678"}],"version-history":[{"count":2,"href":"https:\/\/jleonacosta.pt\/es\/wp-json\/wp\/v2\/pages\/678\/revisions"}],"predecessor-version":[{"id":680,"href":"https:\/\/jleonacosta.pt\/es\/wp-json\/wp\/v2\/pages\/678\/revisions\/680"}],"wp:attachment":[{"href":"https:\/\/jleonacosta.pt\/es\/wp-json\/wp\/v2\/media?parent=678"}],"curies":[{"name":"wp","href":"https:\/\/api.w.org\/{rel}","templated":true}]}}