{"id":64,"date":"2024-12-25T02:36:55","date_gmt":"2024-12-25T02:36:55","guid":{"rendered":"https:\/\/jleonacosta.pt\/?page_id=64"},"modified":"2025-01-06T01:44:04","modified_gmt":"2025-01-06T01:44:04","slug":"servicos-2","status":"publish","type":"page","link":"https:\/\/jleonacosta.pt\/es\/servicos-2","title":{"rendered":"Servicios"},"content":{"rendered":"<div id=\"metaslider-id-768\" style=\"width: 100%;\" class=\"ml-slider-3-107-0 metaslider metaslider-flex metaslider-768 ml-slider has-dots-nav ms-theme-default-base\" role=\"region\" aria-label=\"New Slideshow\" data-height=\"300\" data-width=\"700\">\n    <div id=\"metaslider_container_768\">\n        <div id=\"metaslider_768\">\n            <ul class='slides'>\n                <li style=\"display: block; width: 100%;\" class=\"slide-778 ms-image\" aria-roledescription=\"slide\" data-date=\"2025-01-05 22:08:10\" data-filename=\"gavel-3577254_1280-700x300.jpg\" data-slide-type=\"image\"><a href=\"https:\/\/jleonacosta.pt\/es\/traducao-juridica-2\/\" target=\"_self\" aria-label=\"TRADU\u00c7\u00d5ES JUR\u00cdDICAS\" class=\"metaslider_image_link\"><img fetchpriority=\"high\" decoding=\"async\" src=\"https:\/\/jleonacosta.pt\/wp-content\/uploads\/2025\/03\/gavel-3577254_1280-700x300.jpg\" height=\"300\" width=\"700\" alt=\"\" class=\"slider-768 slide-778 msDefaultImage\" title=\"gavel-3577254_1280\" \/><\/a><div class=\"caption-wrap\"><div class=\"caption\"><h4><strong><span style=\"color:rgb(255,255,255);\">TRADUCCI\u00d3N JUR\u00cdDICA<\/span><\/strong><\/h4><\/div><\/div><\/li>\n                <li style=\"display: none; width: 100%;\" class=\"slide-776 ms-image\" aria-roledescription=\"slide\" data-date=\"2025-01-05 22:08:10\" data-filename=\"certificate-8195643_1280-700x300.jpg\" data-slide-type=\"image\"><a href=\"https:\/\/jleonacosta.pt\/es\/traducao-certificada\/\" target=\"_self\" aria-label=\"TRADU\u00c7\u00d5ES CERTIFICADAS\" class=\"metaslider_image_link\"><img decoding=\"async\" src=\"https:\/\/jleonacosta.pt\/wp-content\/uploads\/2025\/01\/certificate-8195643_1280-700x300.jpg\" height=\"300\" width=\"700\" alt=\"\" class=\"slider-768 slide-776 msDefaultImage\" title=\"certificate-8195643_1280\" \/><\/a><div class=\"caption-wrap\"><div class=\"caption\"><h4><strong><span style=\"color:rgb(255,255,255);\">TRADUCCI\u00d3N JURADA Y CERTIFICADA<\/span><\/strong><\/h4><\/div><\/div><\/li>\n                <li style=\"display: none; width: 100%;\" class=\"slide-769 ms-image\" aria-roledescription=\"slide\" data-date=\"2025-01-05 22:08:09\" data-filename=\"podcast-2170045_1280-700x300.jpg\" data-slide-type=\"image\"><a href=\"https:\/\/jleonacosta.pt\/es\/transcricao-juridica\/\" target=\"_self\" aria-label=\"TRANSCRI\u00c7\u00d5ES JUR\u00cdDICAS\" class=\"metaslider_image_link\"><img decoding=\"async\" src=\"https:\/\/jleonacosta.pt\/wp-content\/uploads\/2025\/01\/podcast-2170045_1280-700x300.jpg\" height=\"300\" width=\"700\" alt=\"\" class=\"slider-768 slide-769 msDefaultImage\" title=\"podcast-2170045_1280\" \/><\/a><div class=\"caption-wrap\"><div class=\"caption\"><h4 style=\"text-align:left;\"><span style=\"color:rgb(255,255,255);\">TRANSCRIPCI\u00d3N JUR\u00cdDICA<\/span><\/h4><\/div><\/div><\/li>\n                <li style=\"display: none; width: 100%;\" class=\"slide-775 ms-image\" aria-roledescription=\"slide\" data-date=\"2025-01-05 22:08:09\" data-filename=\"technical-8792189_1920-700x300.jpg\" data-slide-type=\"image\"><a href=\"https:\/\/jleonacosta.pt\/es\/traducao-tecnica\/\" target=\"_self\" aria-label=\"Ver detalles de la diapositiva\" class=\"metaslider_image_link\"><img loading=\"lazy\" decoding=\"async\" src=\"https:\/\/jleonacosta.pt\/wp-content\/uploads\/2025\/01\/technical-8792189_1920-700x300.jpg\" height=\"300\" width=\"700\" alt=\"\" class=\"slider-768 slide-775 msDefaultImage\" title=\"technical-8792189_1920\" \/><\/a><div class=\"caption-wrap\"><div class=\"caption\"><h4><span style=\"color:rgb(255,255,255);\">TRADUCCI\u00d3N T\u00c9CNICA<\/span><\/h4><\/div><\/div><\/li>\n                <li style=\"display: none; width: 100%;\" class=\"slide-774 ms-image\" aria-roledescription=\"slide\" data-date=\"2025-01-05 22:08:09\" data-filename=\"laboratory-8895977_1280-700x300.png\" data-slide-type=\"image\"><a href=\"https:\/\/jleonacosta.pt\/es\/traducao-cientifica\/\" target=\"_self\" aria-label=\"Ver detalles de la diapositiva\" class=\"metaslider_image_link\"><img loading=\"lazy\" decoding=\"async\" src=\"https:\/\/jleonacosta.pt\/wp-content\/uploads\/2025\/01\/laboratory-8895977_1280-700x300.png\" height=\"300\" width=\"700\" alt=\"\" class=\"slider-768 slide-774 msDefaultImage\" title=\"laboratory-8895977_1280\" \/><\/a><div class=\"caption-wrap\"><div class=\"caption\"><h4><span style=\"color:rgb(255,255,255);\">TRADUCCI\u00d3N CIENT\u00cdFICA<\/span><\/h4><\/div><\/div><\/li>\n                <li style=\"display: none; width: 100%;\" class=\"slide-782 ms-image\" aria-roledescription=\"slide\" data-date=\"2025-01-05 22:35:21\" data-filename=\"ECONOMIA-700x300.jpg\" data-slide-type=\"image\"><a href=\"https:\/\/jleonacosta.pt\/es\/traducao-economica-e-administrativa\/\" target=\"_self\" aria-label=\"Ver detalles de la diapositiva\" class=\"metaslider_image_link\"><img loading=\"lazy\" decoding=\"async\" src=\"https:\/\/jleonacosta.pt\/wp-content\/uploads\/2025\/01\/ECONOMIA-700x300.jpg\" height=\"300\" width=\"700\" alt=\"\" class=\"slider-768 slide-782 msDefaultImage\" title=\"ECONOMIA\" \/><\/a><div class=\"caption-wrap\"><div class=\"caption\"><h4><span style=\"color:rgb(255,255,255);\">TRADUCCI\u00d3N ECON\u00d3MICA Y ADMINISTRATIVA<\/span><\/h4><\/div><\/div><\/li>\n                <li style=\"display: none; width: 100%;\" class=\"slide-777 ms-image\" aria-roledescription=\"slide\" data-date=\"2025-01-05 22:08:10\" data-filename=\"vaccination-certificate-6790266_1280-700x300.jpg\" data-slide-type=\"image\"><a href=\"https:\/\/jleonacosta.pt\/es\/traducao-institucional\/\" target=\"_self\" aria-label=\"Ver detalles de la diapositiva\" class=\"metaslider_image_link\"><img loading=\"lazy\" decoding=\"async\" src=\"https:\/\/jleonacosta.pt\/wp-content\/uploads\/2025\/01\/vaccination-certificate-6790266_1280-700x300.jpg\" height=\"300\" width=\"700\" alt=\"\" class=\"slider-768 slide-777 msDefaultImage\" title=\"vaccination-certificate-6790266_1280\" \/><\/a><div class=\"caption-wrap\"><div class=\"caption\"><h4><span style=\"color:rgb(255,255,255);\">TRADUCCI\u00d3N INSTITUCIONAL<\/span><\/h4><\/div><\/div><\/li>\n                <li style=\"display: none; width: 100%;\" class=\"slide-770 ms-image\" aria-roledescription=\"slide\" data-date=\"2025-01-05 22:08:09\" data-filename=\"the-work-2166128_1280-700x300.jpg\" data-slide-type=\"image\"><a href=\"https:\/\/jleonacosta.pt\/es\/traducao-literaria\/\" target=\"_self\" aria-label=\"Ver detalles de la diapositiva\" class=\"metaslider_image_link\"><img loading=\"lazy\" decoding=\"async\" src=\"https:\/\/jleonacosta.pt\/wp-content\/uploads\/2025\/01\/the-work-2166128_1280-700x300.jpg\" height=\"300\" width=\"700\" alt=\"\" class=\"slider-768 slide-770 msDefaultImage\" title=\"the-work-2166128_1280\" \/><\/a><div class=\"caption-wrap\"><div class=\"caption\"><h4><span style=\"color:rgb(255,255,255);\">TRADUCCI\u00d3N LITERARIA<\/span><\/h4><\/div><\/div><\/li>\n                <li style=\"display: none; width: 100%;\" class=\"slide-784 ms-image\" aria-roledescription=\"slide\" data-date=\"2025-01-05 22:43:36\" data-filename=\"COMERCIAL-700x300.jpg\" data-slide-type=\"image\"><a href=\"https:\/\/jleonacosta.pt\/es\/traducao-comercial\/\" target=\"_self\" aria-label=\"Ver detalles de la diapositiva\" class=\"metaslider_image_link\"><img loading=\"lazy\" decoding=\"async\" src=\"https:\/\/jleonacosta.pt\/wp-content\/uploads\/2025\/01\/COMERCIAL-700x300.jpg\" height=\"300\" width=\"700\" alt=\"\" class=\"slider-768 slide-784 msDefaultImage\" title=\"COMERCIAL\" \/><\/a><div class=\"caption-wrap\"><div class=\"caption\"><h4><span style=\"color:rgb(255,255,255);\">TRADUCCI\u00d3N COMERCIAL<\/span><\/h4><\/div><\/div><\/li>\n                <li style=\"display: none; width: 100%;\" class=\"slide-772 ms-image\" aria-roledescription=\"slide\" data-date=\"2025-01-05 22:08:09\" data-filename=\"programming-1009134_1280-700x300.jpg\" data-slide-type=\"image\"><a href=\"https:\/\/jleonacosta.pt\/es\/traducao-e-manutencao-de-websites\/\" target=\"_self\" aria-label=\"Ver detalles de la diapositiva\" class=\"metaslider_image_link\"><img loading=\"lazy\" decoding=\"async\" src=\"https:\/\/jleonacosta.pt\/wp-content\/uploads\/2025\/01\/programming-1009134_1280-700x300.jpg\" height=\"300\" width=\"700\" alt=\"\" class=\"slider-768 slide-772 msDefaultImage\" title=\"programming-1009134_1280\" \/><\/a><div class=\"caption-wrap\"><div class=\"caption\"><h4><span style=\"color:rgb(255,255,255);\">TRADUCCI\u00d3N Y MANTENIMIENTO DE WEBSITES<\/span><\/h4><\/div><\/div><\/li>\n                <li style=\"display: none; width: 100%;\" class=\"slide-780 ms-image\" aria-roledescription=\"slide\" data-date=\"2025-01-05 22:13:04\" data-filename=\"blog-ola-700x300.jpg\" data-slide-type=\"image\"><a href=\"https:\/\/jleonacosta.pt\/es\/traducao-turistica\/\" target=\"_self\" aria-label=\"TRADU\u00c7\u00d5ES T\u00c9CNICAS\" class=\"metaslider_image_link\"><img loading=\"lazy\" decoding=\"async\" src=\"https:\/\/jleonacosta.pt\/wp-content\/uploads\/2024\/12\/blog-ola-700x300.jpg\" height=\"300\" width=\"700\" alt=\"\" class=\"slider-768 slide-780 msDefaultImage\" title=\"blog-ola\u0301\" \/><\/a><div class=\"caption-wrap\"><div class=\"caption\"><h4><span style=\"color:rgb(255,255,255);\">TRADUCCI\u00d3N TUR\u00cdSTICA<\/span><\/h4><\/div><\/div><\/li>\n                <li style=\"display: none; width: 100%;\" class=\"slide-810 ms-image\" aria-roledescription=\"slide\" data-date=\"2025-01-05 23:44:12\" data-filename=\"rosetta-scaled-1-700x300.webp\" data-slide-type=\"image\"><a href=\"https:\/\/jleonacosta.pt\/es\/traducao-generalista\/\" target=\"_self\" aria-label=\"Ver detalles de la diapositiva\" class=\"metaslider_image_link\"><img loading=\"lazy\" decoding=\"async\" src=\"https:\/\/jleonacosta.pt\/wp-content\/uploads\/2024\/12\/rosetta-scaled-1-700x300.webp\" height=\"300\" width=\"700\" alt=\"\" class=\"slider-768 slide-810 msDefaultImage\" title=\"rosetta-scaled\" \/><\/a><div class=\"caption-wrap\"><div class=\"caption\"><h4><span style=\"color:rgb(255,255,255);\"><strong>TRADUCCI\u00d3N GENERALISTA<\/strong><\/span><\/h4><\/div><\/div><\/li>\n            <\/ul>\n        <\/div>\n        \n    <\/div>\n<\/div>\n\n\n\n<div style=\"height:30px\" aria-hidden=\"true\" class=\"wp-block-spacer\"><\/div>\n\n\n\n<p>Como traductor <em>freelancer<\/em>, ofere\u00e7o uma vasta gama de servi\u00e7os de tradu\u00e7\u00e3o e transcri\u00e7\u00e3o, nas combina\u00e7\u00f5es espanhol-portugu\u00eas \/ portugu\u00e9s-espa\u00f1ol, adaptados \u00e0s necessidades espec\u00edficas de cada cliente. A abordagem \u00e9 sempre centrada na sua satisfa\u00e7\u00e3o, com um rigoroso <a href=\"https:\/\/jleonacosta.pt\/es\/controlo-de-qualidade\/\">control de calidad<\/a>. <\/p>\n\n\n\n<p>Para obter mais informa\u00e7\u00e3o sobre os servi\u00e7os dispon\u00edveis, basta <a href=\"https:\/\/jleonacosta.pt\/es\/contactos\/\" data-type=\"page\" data-id=\"19\">ponerse en contacto<\/a>.<\/p>\n\n\n\n<hr class=\"wp-block-separator has-text-color has-cyan-bluish-gray-color has-alpha-channel-opacity has-cyan-bluish-gray-background-color has-background\"\/>\n\n\n\n<p><\/p>","protected":false},"excerpt":{"rendered":"<p>Como tradutor freelancer, ofere\u00e7o uma vasta gama de servi\u00e7os de tradu\u00e7\u00e3o e transcri\u00e7\u00e3o, nas combina\u00e7\u00f5es espanhol-portugu\u00eas \/ portugu\u00e9s-espa\u00f1ol, adaptados \u00e0s necessidades espec\u00edficas [&hellip;]<\/p>\n","protected":false},"author":2,"featured_media":559,"parent":0,"menu_order":0,"comment_status":"closed","ping_status":"closed","template":"","meta":{"footnotes":""},"class_list":["post-64","page","type-page","status-publish","has-post-thumbnail","hentry"],"_links":{"self":[{"href":"https:\/\/jleonacosta.pt\/es\/wp-json\/wp\/v2\/pages\/64","targetHints":{"allow":["GET"]}}],"collection":[{"href":"https:\/\/jleonacosta.pt\/es\/wp-json\/wp\/v2\/pages"}],"about":[{"href":"https:\/\/jleonacosta.pt\/es\/wp-json\/wp\/v2\/types\/page"}],"author":[{"embeddable":true,"href":"https:\/\/jleonacosta.pt\/es\/wp-json\/wp\/v2\/users\/2"}],"replies":[{"embeddable":true,"href":"https:\/\/jleonacosta.pt\/es\/wp-json\/wp\/v2\/comments?post=64"}],"version-history":[{"count":67,"href":"https:\/\/jleonacosta.pt\/es\/wp-json\/wp\/v2\/pages\/64\/revisions"}],"predecessor-version":[{"id":817,"href":"https:\/\/jleonacosta.pt\/es\/wp-json\/wp\/v2\/pages\/64\/revisions\/817"}],"wp:featuredmedia":[{"embeddable":true,"href":"https:\/\/jleonacosta.pt\/es\/wp-json\/wp\/v2\/media\/559"}],"wp:attachment":[{"href":"https:\/\/jleonacosta.pt\/es\/wp-json\/wp\/v2\/media?parent=64"}],"curies":[{"name":"wp","href":"https:\/\/api.w.org\/{rel}","templated":true}]}}