{"id":311,"date":"2024-12-27T01:02:27","date_gmt":"2024-12-27T01:02:27","guid":{"rendered":"https:\/\/jleonacosta.pt\/?page_id=311"},"modified":"2025-01-06T12:07:46","modified_gmt":"2025-01-06T12:07:46","slug":"transcricoes-audio","status":"publish","type":"page","link":"https:\/\/jleonacosta.pt\/es\/transcricoes-audio","title":{"rendered":"Transcripciones de audio"},"content":{"rendered":"<figure class=\"wp-block-image size-large\"><img fetchpriority=\"high\" decoding=\"async\" width=\"1024\" height=\"682\" src=\"https:\/\/jleonacosta.pt\/wp-content\/uploads\/2025\/01\/podcast-2170045_1280-1024x682.jpg\" alt=\"\" class=\"wp-image-511\" srcset=\"https:\/\/jleonacosta.pt\/wp-content\/uploads\/2025\/01\/podcast-2170045_1280-1024x682.jpg 1024w, https:\/\/jleonacosta.pt\/wp-content\/uploads\/2025\/01\/podcast-2170045_1280-300x200.jpg 300w, https:\/\/jleonacosta.pt\/wp-content\/uploads\/2025\/01\/podcast-2170045_1280-768x512.jpg 768w, https:\/\/jleonacosta.pt\/wp-content\/uploads\/2025\/01\/podcast-2170045_1280-18x12.jpg 18w, https:\/\/jleonacosta.pt\/wp-content\/uploads\/2025\/01\/podcast-2170045_1280-1000x666.jpg 1000w, https:\/\/jleonacosta.pt\/wp-content\/uploads\/2025\/01\/podcast-2170045_1280-230x153.jpg 230w, https:\/\/jleonacosta.pt\/wp-content\/uploads\/2025\/01\/podcast-2170045_1280-350x233.jpg 350w, https:\/\/jleonacosta.pt\/wp-content\/uploads\/2025\/01\/podcast-2170045_1280-480x320.jpg 480w, https:\/\/jleonacosta.pt\/wp-content\/uploads\/2025\/01\/podcast-2170045_1280.jpg 1280w\" sizes=\"(max-width: 1024px) 100vw, 1024px\" \/><\/figure>\n\n\n\n<div style=\"height:20px\" aria-hidden=\"true\" class=\"wp-block-spacer\"><\/div>\n\n\n\n<h5 class=\"wp-block-heading\">\u00bfQu\u00e9 es una transcripci\u00f3n de audio?<\/h5>\n\n\n\n<p>A transcri\u00e7\u00e3o de \u00e1udio consiste na convers\u00e3o de grava\u00e7\u00f5es sonoras em texto escrito. Este servi\u00e7o \u00e9 fundamental para profissionais e empresas que necessitam de documenta\u00e7\u00e3o precisa de entrevistas, reuni\u00f5es, confer\u00eancias, podcasts e outros tipos de grava\u00e7\u00f5es. A transcri\u00e7\u00e3o permite que informa\u00e7\u00f5es consideradas importantes sejam facilmente acess\u00edveis e partilh\u00e1veis.<\/p>\n\n\n\n<h5 class=\"wp-block-heading\">\u00bfC\u00f3mo funciona?<\/h5>\n\n\n\n<p>Ofrezco un servicio de transcripci\u00f3n de audio r\u00e1pido y eficiente. El proceso incluye:<\/p>\n\n\n\n<ul class=\"wp-block-list\">\n<li><strong>Recepci\u00f3n del documento audio\/audiovisual<\/strong>: O cliente envia a grava\u00e7\u00e3o num dos formatos mais frequentes (MP3, WAV, etc.).<\/li>\n\n\n\n<li><strong>Transcripci\u00f3n<\/strong>: Audi\u00e7\u00e3o e transcri\u00e7\u00e3o integral do conte\u00fado, mantendo o significado e o contexto.<\/li>\n\n\n\n<li><strong>Revisi\u00f3n<\/strong>: Ap\u00f3s a transcri\u00e7\u00e3o, revis\u00e3o e edi\u00e7\u00e3o\/formata\u00e7\u00e3o do texto.<\/li>\n\n\n\n<li><strong>Edici\u00f3n personalizada<\/strong>: Los textos transcritos pueden ser editados seg\u00fan los intereses y necesidades de los clientes, garantizando que el contenido corresponda al objetivo deseado.<\/li>\n\n\n\n<li><strong>Entrega<\/strong>: O texto final \u00e9 enviado ao cliente no formato da sua prefer\u00eancia (Word, PDF, etc.).<\/li>\n<\/ul>\n\n\n\n<h5 class=\"wp-block-heading\">Importancia de la transcripci\u00f3n para abogados y tribunales<\/h5>\n\n\n\n<p>La transcripci\u00f3n de audio es especialmente relevante para abogados y tribunales, ya que proporciona documentaci\u00f3n precisa de declaraciones, audiencias y reuniones jur\u00eddicas. Estos registros son esenciales para:<\/p>\n\n\n\n<ul class=\"wp-block-list\">\n<li><strong>Validar pruebas<\/strong>: Una transcripci\u00f3n rigurosa ayuda a garantizar que las pruebas sean presentadas e interpretadas correctamente en los procesos judiciales.<\/li>\n\n\n\n<li><strong>Preparar casos<\/strong>: Los abogados pueden utilizar las transcripciones para revisar y estructurar mejor sus argumentos y estrategias.<\/li>\n\n\n\n<li><strong>Acceder a informaci\u00f3n<\/strong>: Facilita el acceso a informaci\u00f3n importante, aumentando la eficiencia en la gesti\u00f3n de casos.<\/li>\n<\/ul>\n\n\n\n<h5 class=\"wp-block-heading\">\u00bfPor qu\u00e9 optar por los servicios que ofrezco?<\/h5>\n\n\n\n<ul class=\"wp-block-list\">\n<li><strong>Experiencia<\/strong>: Tengo experiencia en la transcripci\u00f3n de diferentes tipos de contenido, incluyendo entrevistas, declaraciones judiciales y documentos audiovisuales.<\/li>\n\n\n\n<li><strong>Precisi\u00f3n<\/strong>: Me comprometo a entregar transcripciones precisas y de alta calidad, respetando la terminolog\u00eda espec\u00edfica de cada \u00e1rea.<\/li>\n\n\n\n<li><strong>Confidencialidad<\/strong>: Todas las grabaciones e informaci\u00f3n compartida son tratadas con la m\u00e1xima confidencialidad y seguridad.<\/li>\n\n\n\n<li><strong>Flexibilidad<\/strong>: Ofrezco plazos de entrega adaptables a sus necesidades.<\/li>\n<\/ul>\n\n\n\n<h5 class=\"wp-block-heading\">Tipos de transcripci\u00f3n<\/h5>\n\n\n\n<ul class=\"wp-block-list\">\n<li><strong>Transcripci\u00f3n literal<\/strong>: El texto se transcribe palabra por palabra, incluyendo titubeos e interrupciones.<\/li>\n\n\n\n<li><strong>Transcripci\u00f3n editada<\/strong>: El contenido se limpia y formatea para mayor claridad, eliminando repeticiones, lapsus y errores.<\/li>\n<\/ul>\n\n\n\n<p>Si est\u00e1 buscando un servicio de transcripci\u00f3n de audio preciso y de confianza, no dude en <a href=\"https:\/\/jleonacosta.pt\/es\/contactos\/\" data-type=\"page\" data-id=\"19\">ponerse en contacto<\/a>. Estarei ao seu dispor para discutir as suas necessidades e oferecer um or\u00e7amento personalizado.<\/p>","protected":false},"excerpt":{"rendered":"<p>O que \u00e9 a transcri\u00e7\u00e3o de \u00e1udio? A transcri\u00e7\u00e3o de \u00e1udio consiste na convers\u00e3o de grava\u00e7\u00f5es sonoras em texto escrito. Este servi\u00e7o [&hellip;]<\/p>\n","protected":false},"author":2,"featured_media":0,"parent":0,"menu_order":0,"comment_status":"closed","ping_status":"closed","template":"","meta":{"footnotes":""},"class_list":["post-311","page","type-page","status-publish","hentry"],"_links":{"self":[{"href":"https:\/\/jleonacosta.pt\/es\/wp-json\/wp\/v2\/pages\/311","targetHints":{"allow":["GET"]}}],"collection":[{"href":"https:\/\/jleonacosta.pt\/es\/wp-json\/wp\/v2\/pages"}],"about":[{"href":"https:\/\/jleonacosta.pt\/es\/wp-json\/wp\/v2\/types\/page"}],"author":[{"embeddable":true,"href":"https:\/\/jleonacosta.pt\/es\/wp-json\/wp\/v2\/users\/2"}],"replies":[{"embeddable":true,"href":"https:\/\/jleonacosta.pt\/es\/wp-json\/wp\/v2\/comments?post=311"}],"version-history":[{"count":10,"href":"https:\/\/jleonacosta.pt\/es\/wp-json\/wp\/v2\/pages\/311\/revisions"}],"predecessor-version":[{"id":853,"href":"https:\/\/jleonacosta.pt\/es\/wp-json\/wp\/v2\/pages\/311\/revisions\/853"}],"wp:attachment":[{"href":"https:\/\/jleonacosta.pt\/es\/wp-json\/wp\/v2\/media?parent=311"}],"curies":[{"name":"wp","href":"https:\/\/api.w.org\/{rel}","templated":true}]}}