{"id":196,"date":"2024-12-25T22:10:34","date_gmt":"2024-12-25T22:10:34","guid":{"rendered":"https:\/\/jleonacosta.pt\/?page_id=196"},"modified":"2025-01-06T15:39:54","modified_gmt":"2025-01-06T15:39:54","slug":"controlo-de-qualidade","status":"publish","type":"page","link":"https:\/\/jleonacosta.pt\/es\/controlo-de-qualidade","title":{"rendered":"Control de Calidad"},"content":{"rendered":"<p>Asseguramos a qualidade das tradu\u00e7\u00f5es adotando um processo estruturado em que colaboram especialistas das l\u00ednguas espanhola e portuguesa. Cada texto traduzido passa por uma dupla revis\u00e3o do seu conte\u00fado para garantir a sua precis\u00e3o, corre\u00e7\u00e3o e clareza.<\/p>","protected":false},"excerpt":{"rendered":"<p>Asseguramos a qualidade das tradu\u00e7\u00f5es adotando um processo estruturado em que colaboram especialistas das l\u00ednguas espanhola e portuguesa. Cada texto traduzido passa [&hellip;]<\/p>\n","protected":false},"author":2,"featured_media":0,"parent":0,"menu_order":0,"comment_status":"closed","ping_status":"closed","template":"","meta":{"footnotes":""},"class_list":["post-196","page","type-page","status-publish","hentry"],"_links":{"self":[{"href":"https:\/\/jleonacosta.pt\/es\/wp-json\/wp\/v2\/pages\/196","targetHints":{"allow":["GET"]}}],"collection":[{"href":"https:\/\/jleonacosta.pt\/es\/wp-json\/wp\/v2\/pages"}],"about":[{"href":"https:\/\/jleonacosta.pt\/es\/wp-json\/wp\/v2\/types\/page"}],"author":[{"embeddable":true,"href":"https:\/\/jleonacosta.pt\/es\/wp-json\/wp\/v2\/users\/2"}],"replies":[{"embeddable":true,"href":"https:\/\/jleonacosta.pt\/es\/wp-json\/wp\/v2\/comments?post=196"}],"version-history":[{"count":8,"href":"https:\/\/jleonacosta.pt\/es\/wp-json\/wp\/v2\/pages\/196\/revisions"}],"predecessor-version":[{"id":878,"href":"https:\/\/jleonacosta.pt\/es\/wp-json\/wp\/v2\/pages\/196\/revisions\/878"}],"wp:attachment":[{"href":"https:\/\/jleonacosta.pt\/es\/wp-json\/wp\/v2\/media?parent=196"}],"curies":[{"name":"wp","href":"https:\/\/api.w.org\/{rel}","templated":true}]}}